{"id":2381,"date":"2020-02-19T14:23:56","date_gmt":"2020-02-19T14:23:56","guid":{"rendered":"https:\/\/stal.qodeinteractive.com\/?page_id=2381"},"modified":"2024-06-05T19:40:13","modified_gmt":"2024-06-05T17:40:13","slug":"contacte","status":"publish","type":"page","link":"https:\/\/esmmont.net\/es\/contacte\/","title":{"rendered":"Contacto"},"content":{"rendered":"<div data-elementor-type=\"wp-page\" data-elementor-id=\"2381\" class=\"elementor elementor-2381\">\n\t\t\t\t\t\t<section class=\"elementor-section elementor-top-section elementor-element elementor-element-9f76ccd qodef-elementor-content-grid elementor-section-boxed elementor-section-height-default elementor-section-height-default\" data-id=\"9f76ccd\" data-element_type=\"section\">\n\t\t\t\t\t\t<div class=\"elementor-container elementor-column-gap-default\">\n\t\t\t\t\t<div class=\"elementor-column elementor-col-100 elementor-top-column elementor-element elementor-element-92f9e4d\" data-id=\"92f9e4d\" data-element_type=\"column\">\n\t\t\t<div class=\"elementor-widget-wrap elementor-element-populated\">\n\t\t\t\t\t\t<div class=\"elementor-element elementor-element-05fb709 elementor-widget elementor-widget-stal_core_section_title\" data-id=\"05fb709\" data-element_type=\"widget\" data-widget_type=\"stal_core_section_title.default\">\n\t\t\t\t<div class=\"elementor-widget-container\">\n\t\t\t\t\t<div class=\"qodef-shortcode qodef-m  qodef-section-title qodef-alignment--center\">\n\t\t<div class=\"qodef-m-title-wrap\">\n\t\t<h2 class=\"qodef-m-title\" >\n\t\t\t\t\t\u00bfQuieres que hagamos realidad tu proyecto?\t\t\t<\/h2>\n\t\n\t<\/div>\n\t\t<p class=\"qodef-m-text\" style=\"margin-top: 16px;font-size: 20px\">CONTACTA CON NOSOTROS<\/p>\n<\/div>\t\t\t\t<\/div>\n\t\t\t\t<\/div>\n\t\t\t\t<div class=\"elementor-element elementor-element-95fee13 elementor-widget elementor-widget-image\" data-id=\"95fee13\" data-element_type=\"widget\" data-widget_type=\"image.default\">\n\t\t\t\t<div class=\"elementor-widget-container\">\n\t\t\t\t\t\t\t\t\t\t\t\t\t\t\t<img decoding=\"async\" width=\"1\" height=\"1\" src=\"https:\/\/esmmont.net\/wp-content\/uploads\/2024\/05\/11699_logo_esmmont_1.svg\" class=\"attachment-full size-full wp-image-5980\" alt=\"\" \/>\t\t\t\t\t\t\t\t\t\t\t\t\t\t\t<\/div>\n\t\t\t\t<\/div>\n\t\t\t\t\t<\/div>\n\t\t<\/div>\n\t\t\t\t\t<\/div>\n\t\t<\/section>\n\t\t\t\t<section class=\"elementor-section elementor-top-section elementor-element elementor-element-17e9182 qodef-elementor-content-grid elementor-section-boxed elementor-section-height-default elementor-section-height-default\" data-id=\"17e9182\" data-element_type=\"section\" data-settings=\"{&quot;background_background&quot;:&quot;classic&quot;}\">\n\t\t\t\t\t\t<div class=\"elementor-container elementor-column-gap-default\">\n\t\t\t\t\t<div class=\"elementor-column elementor-col-33 elementor-top-column elementor-element elementor-element-f967853\" data-id=\"f967853\" data-element_type=\"column\">\n\t\t\t<div class=\"elementor-widget-wrap elementor-element-populated\">\n\t\t\t\t\t\t<div class=\"elementor-element elementor-element-b8ced72 elementor-widget elementor-widget-image\" data-id=\"b8ced72\" data-element_type=\"widget\" data-widget_type=\"image.default\">\n\t\t\t\t<div class=\"elementor-widget-container\">\n\t\t\t\t\t\t\t\t\t\t\t\t\t\t\t<img decoding=\"async\" width=\"86\" height=\"86\" src=\"https:\/\/esmmont.net\/wp-content\/uploads\/2024\/04\/11698_icona_esmont_12.png\" class=\"attachment-large size-large wp-image-5770\" alt=\"\" srcset=\"https:\/\/esmmont.net\/wp-content\/uploads\/2024\/04\/11698_icona_esmont_12.png 86w, https:\/\/esmmont.net\/wp-content\/uploads\/2024\/04\/11698_icona_esmont_12-12x12.png 12w, https:\/\/esmmont.net\/wp-content\/uploads\/2024\/04\/11698_icona_esmont_12-82x82.png 82w\" sizes=\"(max-width: 86px) 100vw, 86px\" \/>\t\t\t\t\t\t\t\t\t\t\t\t\t\t\t<\/div>\n\t\t\t\t<\/div>\n\t\t\t\t<div class=\"elementor-element elementor-element-2d73002 elementor-widget elementor-widget-text-editor\" data-id=\"2d73002\" data-element_type=\"widget\" data-widget_type=\"text-editor.default\">\n\t\t\t\t<div class=\"elementor-widget-container\">\n\t\t\t\t\t\t\t\t\t<p class=\"p1\">Carrer l\u2019Artesana, s\/N<br \/><strong>Pol\u00edgono industrial Llu\u00eds Companys<\/strong><br \/>43400 \u2013 Montblanc (Tarragona)<\/p>\t\t\t\t\t\t\t\t<\/div>\n\t\t\t\t<\/div>\n\t\t\t\t\t<\/div>\n\t\t<\/div>\n\t\t\t\t<div class=\"elementor-column elementor-col-33 elementor-top-column elementor-element elementor-element-18a6868\" data-id=\"18a6868\" data-element_type=\"column\">\n\t\t\t<div class=\"elementor-widget-wrap elementor-element-populated\">\n\t\t\t\t\t\t<div class=\"elementor-element elementor-element-b13eb51 elementor-widget elementor-widget-image\" data-id=\"b13eb51\" data-element_type=\"widget\" data-widget_type=\"image.default\">\n\t\t\t\t<div class=\"elementor-widget-container\">\n\t\t\t\t\t\t\t\t\t\t\t\t\t\t\t<img decoding=\"async\" width=\"86\" height=\"86\" src=\"https:\/\/esmmont.net\/wp-content\/uploads\/2024\/04\/11698_icona_esmont_18.png\" class=\"attachment-large size-large wp-image-5769\" alt=\"\" srcset=\"https:\/\/esmmont.net\/wp-content\/uploads\/2024\/04\/11698_icona_esmont_18.png 86w, https:\/\/esmmont.net\/wp-content\/uploads\/2024\/04\/11698_icona_esmont_18-12x12.png 12w, https:\/\/esmmont.net\/wp-content\/uploads\/2024\/04\/11698_icona_esmont_18-82x82.png 82w\" sizes=\"(max-width: 86px) 100vw, 86px\" \/>\t\t\t\t\t\t\t\t\t\t\t\t\t\t\t<\/div>\n\t\t\t\t<\/div>\n\t\t\t\t<div class=\"elementor-element elementor-element-e12c4d6 elementor-widget elementor-widget-text-editor\" data-id=\"e12c4d6\" data-element_type=\"widget\" data-widget_type=\"text-editor.default\">\n\t\t\t\t<div class=\"elementor-widget-container\">\n\t\t\t\t\t\t\t\t\t<p class=\"p1\"><a href=\"tel:+34977861182\">+34 977 861 182<\/a><\/p>\t\t\t\t\t\t\t\t<\/div>\n\t\t\t\t<\/div>\n\t\t\t\t\t<\/div>\n\t\t<\/div>\n\t\t\t\t<div class=\"elementor-column elementor-col-33 elementor-top-column elementor-element elementor-element-6efa011\" data-id=\"6efa011\" data-element_type=\"column\">\n\t\t\t<div class=\"elementor-widget-wrap elementor-element-populated\">\n\t\t\t\t\t\t<div class=\"elementor-element elementor-element-1e79766 elementor-widget elementor-widget-image\" data-id=\"1e79766\" data-element_type=\"widget\" data-widget_type=\"image.default\">\n\t\t\t\t<div class=\"elementor-widget-container\">\n\t\t\t\t\t\t\t\t\t\t\t\t\t\t\t<img loading=\"lazy\" decoding=\"async\" width=\"86\" height=\"86\" src=\"https:\/\/esmmont.net\/wp-content\/uploads\/2024\/04\/11698_icona_esmont_21.png\" class=\"attachment-large size-large wp-image-5768\" alt=\"\" srcset=\"https:\/\/esmmont.net\/wp-content\/uploads\/2024\/04\/11698_icona_esmont_21.png 86w, https:\/\/esmmont.net\/wp-content\/uploads\/2024\/04\/11698_icona_esmont_21-12x12.png 12w, https:\/\/esmmont.net\/wp-content\/uploads\/2024\/04\/11698_icona_esmont_21-82x82.png 82w\" sizes=\"(max-width: 86px) 100vw, 86px\" \/>\t\t\t\t\t\t\t\t\t\t\t\t\t\t\t<\/div>\n\t\t\t\t<\/div>\n\t\t\t\t<div class=\"elementor-element elementor-element-a91d9e3 elementor-widget elementor-widget-text-editor\" data-id=\"a91d9e3\" data-element_type=\"widget\" data-widget_type=\"text-editor.default\">\n\t\t\t\t<div class=\"elementor-widget-container\">\n\t\t\t\t\t\t\t\t\t<p class=\"p1\"><a href=\"mailto:esmmont@esmmont.net\">esmmont@esmmont.net<\/a><\/p>\t\t\t\t\t\t\t\t<\/div>\n\t\t\t\t<\/div>\n\t\t\t\t\t<\/div>\n\t\t<\/div>\n\t\t\t\t\t<\/div>\n\t\t<\/section>\n\t\t\t\t<section class=\"elementor-section elementor-top-section elementor-element elementor-element-8843ddf qodef-elementor-content-grid elementor-section-boxed elementor-section-height-default elementor-section-height-default\" data-id=\"8843ddf\" data-element_type=\"section\" data-settings=\"{&quot;background_background&quot;:&quot;classic&quot;}\">\n\t\t\t\t\t\t<div class=\"elementor-container elementor-column-gap-default\">\n\t\t\t\t\t<div class=\"elementor-column elementor-col-100 elementor-top-column elementor-element elementor-element-1d811b1 BotoMapa\" data-id=\"1d811b1\" data-element_type=\"column\" data-settings=\"{&quot;background_background&quot;:&quot;classic&quot;}\">\n\t\t\t<div class=\"elementor-widget-wrap elementor-element-populated\">\n\t\t\t\t\t\t<div class=\"elementor-element elementor-element-cefcee8 elementor-widget elementor-widget-qi_addons_for_elementor_button\" data-id=\"cefcee8\" data-element_type=\"widget\" data-widget_type=\"qi_addons_for_elementor_button.default\">\n\t\t\t\t<div class=\"elementor-widget-container\">\n\t\t\t\t\t<a class=\"qodef-shortcode qodef-m BotoMapa qodef-qi-button qodef-html--link qodef-layout--filled qodef-type--standard qodef-size--small qodef-icon--left qodef-hover--icon-move-horizontal-short\" href=\"https:\/\/maps.app.goo.gl\/YkzV9GN5NSJEPMvu5\" target=\"_self\">\n\t<span class=\"qodef-m-text\">C\u00f3mo llegar<\/span>\n\t\t<span class=\"qodef-m-icon\">\n\t\t<span class=\"qodef-m-icon-inner\">\n\t\t\t<svg aria-hidden=\"true\" class=\"e-font-icon-svg e-fas-map-marked-alt\" viewbox=\"0 0 576 512\" xmlns=\"http:\/\/www.w3.org\/2000\/svg\"><path d=\"M288 0c-69.59 0-126 56.41-126 126 0 56.26 82.35 158.8 113.9 196.02 6.39 7.54 17.82 7.54 24.2 0C331.65 284.8 414 182.26 414 126 414 56.41 357.59 0 288 0zm0 168c-23.2 0-42-18.8-42-42s18.8-42 42-42 42 18.8 42 42-18.8 42-42 42zM20.12 215.95A32.006 32.006 0 0 0 0 245.66v250.32c0 11.32 11.43 19.06 21.94 14.86L160 448V214.92c-8.84-15.98-16.07-31.54-21.25-46.42L20.12 215.95zM288 359.67c-14.07 0-27.38-6.18-36.51-16.96-19.66-23.2-40.57-49.62-59.49-76.72v182l192 64V266c-18.92 27.09-39.82 53.52-59.49 76.72-9.13 10.77-22.44 16.95-36.51 16.95zm266.06-198.51L416 224v288l139.88-55.95A31.996 31.996 0 0 0 576 426.34V176.02c0-11.32-11.43-19.06-21.94-14.86z\"><\/path><\/svg>\t\t\t\t\t<\/span>\n\t<\/span>\n<\/a>\n\t\t\t\t<\/div>\n\t\t\t\t<\/div>\n\t\t\t\t<div class=\"elementor-element elementor-element-6b73e8c elementor-widget elementor-widget-google_maps\" data-id=\"6b73e8c\" data-element_type=\"widget\" data-widget_type=\"google_maps.default\">\n\t\t\t\t<div class=\"elementor-widget-container\">\n\t\t\t\t\t\t\t<div class=\"elementor-custom-embed\">\n\t\t\t<iframe loading=\"lazy\"\n\t\t\t\t\tsrc=\"https:\/\/www.google.com\/maps\/embed\/v1\/place?key=AIzaSyDY2H4As28Knsc-OcyVUfsp96WtT14uzrQ&#038;q=Carrer%20l%E2%80%99Artesana%2C%20s%2Fn%20-%20Pol%C3%ADgon%20industrial%20Llu%C3%ADs%20Companys%20-%20%2043400%20Montblanc%20%28Tarragona%29&#038;zoom=10\"\n\t\t\t\t\ttitle=\"Carrer l\u2019Artesana, s\/n - Pol\u00edgon industrial Llu\u00eds Companys -  43400 Montblanc (Tarragona)\"\n\t\t\t\t\taria-label=\"Carrer l\u2019Artesana, s\/n - Pol\u00edgon industrial Llu\u00eds Companys -  43400 Montblanc (Tarragona)\"\n\t\t\t><\/iframe>\n\t\t<\/div>\n\t\t\t\t\t\t<\/div>\n\t\t\t\t<\/div>\n\t\t\t\t\t<\/div>\n\t\t<\/div>\n\t\t\t\t\t<\/div>\n\t\t<\/section>\n\t\t\t\t<section class=\"elementor-section elementor-top-section elementor-element elementor-element-cf316c0 qodef-elementor-content-grid elementor-section-boxed elementor-section-height-default elementor-section-height-default\" data-id=\"cf316c0\" data-element_type=\"section\">\n\t\t\t\t\t\t<div class=\"elementor-container elementor-column-gap-default\">\n\t\t\t\t\t<div class=\"elementor-column elementor-col-100 elementor-top-column elementor-element elementor-element-a673edd\" data-id=\"a673edd\" data-element_type=\"column\">\n\t\t\t<div class=\"elementor-widget-wrap elementor-element-populated\">\n\t\t\t\t\t\t<div class=\"elementor-element elementor-element-f09fd53 elementor-widget elementor-widget-stal_core_section_title\" data-id=\"f09fd53\" data-element_type=\"widget\" data-widget_type=\"stal_core_section_title.default\">\n\t\t\t\t<div class=\"elementor-widget-container\">\n\t\t\t\t\t<div class=\"qodef-shortcode qodef-m  qodef-section-title qodef-alignment--left\">\n\t\t<div class=\"qodef-m-title-wrap\">\n\t\t<h2 class=\"qodef-m-title\" >\n\t\t\t\t\tHaznos una consulta\t\t\t<\/h2>\n\t\n\t<\/div>\n\t\t<p class=\"qodef-m-text\" style=\"margin-top: 16px;font-size: 20px\">Rellena el siguiente formulario y te responderemos tan pronto como podamos.<\/p>\n<\/div>\t\t\t\t<\/div>\n\t\t\t\t<\/div>\n\t\t\t\t<div class=\"elementor-element elementor-element-66722bf elementor-widget elementor-widget-wp-widget-stal_core_contact_form_7\" data-id=\"66722bf\" data-element_type=\"widget\" data-widget_type=\"wp-widget-stal_core_contact_form_7.default\">\n\t\t\t\t<div class=\"elementor-widget-container\">\n\t\t\t\t\t\t\t\t<div class=\"qodef-contact-form-7\">\n\t\t\t\t\n<div class=\"wpcf7 no-js\" id=\"wpcf7-f7-o1\" lang=\"ca\" dir=\"ltr\" data-wpcf7-id=\"7\">\n<div class=\"screen-reader-response\"><p role=\"status\" aria-live=\"polite\" aria-atomic=\"true\"><\/p> <ul><\/ul><\/div>\n<form action=\"\/es\/wp-json\/wp\/v2\/pages\/2381#wpcf7-f7-o1\" method=\"post\" class=\"wpcf7-form init\" aria-label=\"Formulari de contacte\" novalidate=\"novalidate\" data-status=\"init\" data-trp-original-action=\"\/es\/wp-json\/wp\/v2\/pages\/2381#wpcf7-f7-o1\">\n<fieldset class=\"hidden-fields-container\"><input type=\"hidden\" name=\"_wpcf7\" value=\"7\" \/><input type=\"hidden\" name=\"_wpcf7_version\" value=\"6.1.4\" \/><input type=\"hidden\" name=\"_wpcf7_locale\" value=\"ca\" \/><input type=\"hidden\" name=\"_wpcf7_unit_tag\" value=\"wpcf7-f7-o1\" \/><input type=\"hidden\" name=\"_wpcf7_container_post\" value=\"0\" \/><input type=\"hidden\" name=\"_wpcf7_posted_data_hash\" value=\"\" \/>\n<\/fieldset>\n<label> Nombre completo*\n    <span class=\"wpcf7-form-control-wrap\" data-name=\"nom\"><input size=\"40\" maxlength=\"400\" class=\"wpcf7-form-control wpcf7-text wpcf7-validates-as-required\" autocomplete=\"name\" aria-required=\"true\" aria-invalid=\"false\" value=\"\" type=\"text\" name=\"nom\" \/><\/span> <\/label>\n\n<label> Tel\u00e9fono*\n    <span class=\"wpcf7-form-control-wrap\" data-name=\"tel\"><input size=\"40\" maxlength=\"400\" class=\"wpcf7-form-control wpcf7-tel wpcf7-validates-as-required wpcf7-text wpcf7-validates-as-tel\" autocomplete=\"name\" aria-required=\"true\" aria-invalid=\"false\" value=\"\" type=\"tel\" name=\"tel\" \/><\/span> <\/label>\n\n<label> Email*\n    <span class=\"wpcf7-form-control-wrap\" data-name=\"email\"><input size=\"40\" maxlength=\"400\" class=\"wpcf7-form-control wpcf7-email wpcf7-validates-as-required wpcf7-text wpcf7-validates-as-email\" autocomplete=\"email\" aria-required=\"true\" aria-invalid=\"false\" value=\"\" type=\"email\" name=\"email\" \/><\/span> <\/label>\n\n<label> Asunto*\n    <span class=\"wpcf7-form-control-wrap\" data-name=\"assumpte\"><input size=\"40\" maxlength=\"400\" class=\"wpcf7-form-control wpcf7-text wpcf7-validates-as-required\" aria-required=\"true\" aria-invalid=\"false\" value=\"\" type=\"text\" name=\"assumpte\" \/><\/span> <\/label>\n\n<label> Mensaje\n    <span class=\"wpcf7-form-control-wrap\" data-name=\"your-message\"><textarea cols=\"40\" rows=\"10\" maxlength=\"2000\" class=\"wpcf7-form-control wpcf7-textarea\" aria-invalid=\"false\" name=\"your-message\"><\/textarea><\/span> <\/label>\n\n<small>\n<span class=\"wpcf7-form-control-wrap\" data-name=\"acceptance-117\"><span class=\"wpcf7-form-control wpcf7-acceptance\"><span class=\"wpcf7-list-item\"><label><input type=\"checkbox\" name=\"acceptance-117\" value=\"1\" aria-invalid=\"false\" \/><span class=\"wpcf7-list-item-label\">He le\u00eddo y acepto la <a href=\"https:\/\/esmmont.net\/es\/proteccio-de-dades\/\" target=\"_blank\">cl\u00e1usula de Informaci\u00f3n sobre Protecci\u00f3n de Datos<\/a><\/span><\/label><\/span><\/span><\/span><br>\n<span class=\"wpcf7-form-control-wrap\" data-name=\"acceptance-118\"><span class=\"wpcf7-form-control wpcf7-acceptance optional\"><span class=\"wpcf7-list-item\"><label><input type=\"checkbox\" name=\"acceptance-118\" value=\"1\" aria-invalid=\"false\" \/><span class=\"wpcf7-list-item-label\">Autorizo el tratamiento de mis datos para poder recibir informaci\u00f3n por medios electr\u00f3nicos<\/span><\/label><\/span><\/span><\/span><\/small><br><br>\n\n<div id=\"cf7sr-69e8c6bc02d1c\" class=\"cf7sr-g-recaptcha\" data-theme=\"light\" data-type=\"image\" data-size=\"normal\" data-sitekey=\"6LcjRekpAAAAACfs8f_Asp6wbYKH_rGshF2o-WRk\"><\/div><span class=\"wpcf7-form-control-wrap cf7sr-recaptcha\" data-name=\"cf7sr-recaptcha\"><input type=\"hidden\" name=\"cf7sr-recaptcha\" value=\"\" class=\"wpcf7-form-control\"><\/span><br>\n\n<button class=\"wpcf7-form-control wpcf7-submit qodef-button qodef-size--normal qodef-layout--splitted qodef-m\" type=\"submit\"><span class=\"qodef-m-text\">Env\u00eda<svg class=\"qodef-m-arrowline\" xmlns=\"http:\/\/www.w3.org\/2000\/svg\" xmlns:xlink=\"http:\/\/www.w3.org\/1999\/xlink\" x=\"0px\" y=\"0px\" viewbox=\"0 0 63 20\" xml:space=\"preserve\">\n                            <line x1=\"61.6\" y1=\"10\" x2=\"61.6\" y2=\"10\"\/>\n                            <line x1=\"62\" y1=\"10\" x2=\"61.6\" y2=\"10\"\/>\n                            <line x1=\"61.6\" y1=\"10\" x2=\"1\" y2=\"10\"\/>\n                            <path d=\"M61.6,10\"\/>\n                            <line x1=\"61.6\" y1=\"10\" x2=\"61.6\" y2=\"10\"\/>\n                            <line class=\"arrow-up\" x1=\"56.7\" y1=\"5.1\" x2=\"61.6\" y2=\"10\"\/>\n                            <path d=\"M61.6,10\"\/>\n                            <line x1=\"61.6\" y1=\"10\" x2=\"61.6\" y2=\"10\"\/>\n                            <line class=\"arrow-down\" x1=\"61.6\" y1=\"10\" x2=\"56.7\" y2=\"14.9\"\/>\n                        <\/svg><\/span><span class=\"qodef-m-split qodef-split--up\"><\/span><span class=\"qodef-m-split qodef-split--down\"><\/span><\/button><p style=\"display: none !important;\" class=\"akismet-fields-container\" data-prefix=\"_wpcf7_ak_\"><label>&#916;<textarea name=\"_wpcf7_ak_hp_textarea\" cols=\"45\" rows=\"8\" maxlength=\"100\"><\/textarea><\/label><input type=\"hidden\" id=\"ak_js_1\" name=\"_wpcf7_ak_js\" value=\"217\"\/><script>document.getElementById( \"ak_js_1\" ).setAttribute( \"value\", ( new Date() ).getTime() );<\/script><\/p><div class=\"wpcf7-response-output\" aria-hidden=\"true\"><\/div>\n<input type=\"hidden\" name=\"trp-form-language\" value=\"es\"\/><\/form>\n<\/div>\n\t\t\t<\/div>\n\t\t\t\t\t\t\t<\/div>\n\t\t\t\t<\/div>\n\t\t\t\t\t<\/div>\n\t\t<\/div>\n\t\t\t\t\t<\/div>\n\t\t<\/section>\n\t\t\t\t<\/div>","protected":false},"excerpt":{"rendered":"<p>Vols que fem realitat el teu projecte? CONTACTA AMB NOSALTRES Carrer l\u2019Artesana, s\/NPol\u00edgon industrial Llu\u00eds Companys43400 \u2013 Montblanc (Tarragona) +34 977 861 182 esmmont@esmmont.net Com arribar-hi Fes-nos una consulta Omple el formulari seg\u00fcent i et respondrem tan aviat com puguem.<\/p>","protected":false},"author":1,"featured_media":0,"parent":0,"menu_order":0,"comment_status":"closed","ping_status":"closed","template":"page-full-width.php","meta":{"inline_featured_image":false,"footnotes":""},"class_list":["post-2381","page","type-page","status-publish","hentry"],"yoast_head":"<!-- This site is optimized with the Yoast SEO plugin v26.7 - https:\/\/yoast.com\/wordpress\/plugins\/seo\/ -->\n<title>Contacte - ESMMONT- Estampacions Met\u00e0l\u00b7liques Montblanc, SL<\/title>\n<meta name=\"robots\" content=\"index, follow, max-snippet:-1, max-image-preview:large, max-video-preview:-1\" \/>\n<link rel=\"canonical\" href=\"https:\/\/esmmont.net\/es\/contacte\/\" \/>\n<meta property=\"og:locale\" content=\"es_ES\" \/>\n<meta property=\"og:type\" content=\"article\" \/>\n<meta property=\"og:title\" content=\"Contacte - ESMMONT- Estampacions Met\u00e0l\u00b7liques Montblanc, SL\" \/>\n<meta property=\"og:description\" content=\"Vols que fem realitat el teu projecte? CONTACTA AMB NOSALTRES Carrer l\u2019Artesana, s\/NPol\u00edgon industrial Llu\u00eds Companys43400 \u2013 Montblanc (Tarragona) +34 977 861 182 esmmont@esmmont.net Com arribar-hi Fes-nos una consulta Omple el formulari seg\u00fcent i et respondrem tan aviat com puguem.\" \/>\n<meta property=\"og:url\" content=\"https:\/\/esmmont.net\/es\/contacte\/\" \/>\n<meta property=\"og:site_name\" content=\"ESMMONT- Estampacions Met\u00e0l\u00b7liques Montblanc, SL\" \/>\n<meta property=\"article:modified_time\" content=\"2024-06-05T17:40:13+00:00\" \/>\n<meta property=\"og:image\" content=\"https:\/\/esmmont.net\/wp-content\/uploads\/2024\/05\/11699_logo_esmmont_1.svg\" \/>\n<meta name=\"twitter:card\" content=\"summary_large_image\" \/>\n<meta name=\"twitter:label1\" content=\"Tiempo de lectura\" \/>\n\t<meta name=\"twitter:data1\" content=\"2 minutos\" \/>\n<script type=\"application\/ld+json\" class=\"yoast-schema-graph\">{\"@context\":\"https:\/\/schema.org\",\"@graph\":[{\"@type\":\"WebPage\",\"@id\":\"https:\/\/esmmont.net\/contacte\/\",\"url\":\"https:\/\/esmmont.net\/contacte\/\",\"name\":\"Contacte - ESMMONT- Estampacions Met\u00e0l\u00b7liques Montblanc, SL\",\"isPartOf\":{\"@id\":\"https:\/\/esmmont.net\/#website\"},\"primaryImageOfPage\":{\"@id\":\"https:\/\/esmmont.net\/contacte\/#primaryimage\"},\"image\":{\"@id\":\"https:\/\/esmmont.net\/contacte\/#primaryimage\"},\"thumbnailUrl\":\"https:\/\/esmmont.net\/wp-content\/uploads\/2024\/05\/11699_logo_esmmont_1.svg\",\"datePublished\":\"2020-02-19T14:23:56+00:00\",\"dateModified\":\"2024-06-05T17:40:13+00:00\",\"breadcrumb\":{\"@id\":\"https:\/\/esmmont.net\/contacte\/#breadcrumb\"},\"inLanguage\":\"es\",\"potentialAction\":[{\"@type\":\"ReadAction\",\"target\":[\"https:\/\/esmmont.net\/contacte\/\"]}]},{\"@type\":\"ImageObject\",\"inLanguage\":\"es\",\"@id\":\"https:\/\/esmmont.net\/contacte\/#primaryimage\",\"url\":\"https:\/\/esmmont.net\/wp-content\/uploads\/2024\/05\/11699_logo_esmmont_1.svg\",\"contentUrl\":\"https:\/\/esmmont.net\/wp-content\/uploads\/2024\/05\/11699_logo_esmmont_1.svg\"},{\"@type\":\"BreadcrumbList\",\"@id\":\"https:\/\/esmmont.net\/contacte\/#breadcrumb\",\"itemListElement\":[{\"@type\":\"ListItem\",\"position\":1,\"name\":\"Inici\",\"item\":\"https:\/\/esmmont.net\/\"},{\"@type\":\"ListItem\",\"position\":2,\"name\":\"Contacte\"}]},{\"@type\":\"WebSite\",\"@id\":\"https:\/\/esmmont.net\/#website\",\"url\":\"https:\/\/esmmont.net\/\",\"name\":\"Estampacions Met\u00e0l\u00b7liques Montblanc, SL\",\"description\":\"Manteniment mec\u00e0nic industrial\",\"publisher\":{\"@id\":\"https:\/\/esmmont.net\/#organization\"},\"potentialAction\":[{\"@type\":\"SearchAction\",\"target\":{\"@type\":\"EntryPoint\",\"urlTemplate\":\"https:\/\/esmmont.net\/?s={search_term_string}\"},\"query-input\":{\"@type\":\"PropertyValueSpecification\",\"valueRequired\":true,\"valueName\":\"search_term_string\"}}],\"inLanguage\":\"es\"},{\"@type\":\"Organization\",\"@id\":\"https:\/\/esmmont.net\/#organization\",\"name\":\"Estampacions Met\u00e0l\u00b7liques Montblanc, SL\",\"url\":\"https:\/\/esmmont.net\/\",\"logo\":{\"@type\":\"ImageObject\",\"inLanguage\":\"es\",\"@id\":\"https:\/\/esmmont.net\/#\/schema\/logo\/image\/\",\"url\":\"https:\/\/esmmont.net\/wp-content\/uploads\/2024\/05\/11699_logo_esmmont_1.svg\",\"contentUrl\":\"https:\/\/esmmont.net\/wp-content\/uploads\/2024\/05\/11699_logo_esmmont_1.svg\",\"caption\":\"Estampacions Met\u00e0l\u00b7liques Montblanc, SL\"},\"image\":{\"@id\":\"https:\/\/esmmont.net\/#\/schema\/logo\/image\/\"}}]}<\/script>\n<!-- \/ Yoast SEO plugin. -->","yoast_head_json":{"title":"Contacte - ESMMONT- Estampacions Met\u00e0l\u00b7liques Montblanc, SL","robots":{"index":"index","follow":"follow","max-snippet":"max-snippet:-1","max-image-preview":"max-image-preview:large","max-video-preview":"max-video-preview:-1"},"canonical":"https:\/\/esmmont.net\/es\/contacte\/","og_locale":"es_ES","og_type":"article","og_title":"Contacte - ESMMONT- Estampacions Met\u00e0l\u00b7liques Montblanc, SL","og_description":"Vols que fem realitat el teu projecte? CONTACTA AMB NOSALTRES Carrer l\u2019Artesana, s\/NPol\u00edgon industrial Llu\u00eds Companys43400 \u2013 Montblanc (Tarragona) +34 977 861 182 esmmont@esmmont.net Com arribar-hi Fes-nos una consulta Omple el formulari seg\u00fcent i et respondrem tan aviat com puguem.","og_url":"https:\/\/esmmont.net\/es\/contacte\/","og_site_name":"ESMMONT- Estampacions Met\u00e0l\u00b7liques Montblanc, SL","article_modified_time":"2024-06-05T17:40:13+00:00","og_image":[{"url":"https:\/\/esmmont.net\/wp-content\/uploads\/2024\/05\/11699_logo_esmmont_1.svg","type":"","width":"","height":""}],"twitter_card":"summary_large_image","twitter_misc":{"Tiempo de lectura":"2 minutos"},"schema":{"@context":"https:\/\/schema.org","@graph":[{"@type":"WebPage","@id":"https:\/\/esmmont.net\/contacte\/","url":"https:\/\/esmmont.net\/contacte\/","name":"Contacte - ESMMONT- Estampacions Met\u00e0l\u00b7liques Montblanc, SL","isPartOf":{"@id":"https:\/\/esmmont.net\/#website"},"primaryImageOfPage":{"@id":"https:\/\/esmmont.net\/contacte\/#primaryimage"},"image":{"@id":"https:\/\/esmmont.net\/contacte\/#primaryimage"},"thumbnailUrl":"https:\/\/esmmont.net\/wp-content\/uploads\/2024\/05\/11699_logo_esmmont_1.svg","datePublished":"2020-02-19T14:23:56+00:00","dateModified":"2024-06-05T17:40:13+00:00","breadcrumb":{"@id":"https:\/\/esmmont.net\/contacte\/#breadcrumb"},"inLanguage":"es","potentialAction":[{"@type":"ReadAction","target":["https:\/\/esmmont.net\/contacte\/"]}]},{"@type":"ImageObject","inLanguage":"es","@id":"https:\/\/esmmont.net\/contacte\/#primaryimage","url":"https:\/\/esmmont.net\/wp-content\/uploads\/2024\/05\/11699_logo_esmmont_1.svg","contentUrl":"https:\/\/esmmont.net\/wp-content\/uploads\/2024\/05\/11699_logo_esmmont_1.svg"},{"@type":"BreadcrumbList","@id":"https:\/\/esmmont.net\/contacte\/#breadcrumb","itemListElement":[{"@type":"ListItem","position":1,"name":"Inici","item":"https:\/\/esmmont.net\/"},{"@type":"ListItem","position":2,"name":"Contacte"}]},{"@type":"WebSite","@id":"https:\/\/esmmont.net\/#website","url":"https:\/\/esmmont.net\/","name":"Estampaciones Met\u00e1licas Montblanc, SL","description":"Manteniment mec\u00e0nic industrial","publisher":{"@id":"https:\/\/esmmont.net\/#organization"},"potentialAction":[{"@type":"SearchAction","target":{"@type":"EntryPoint","urlTemplate":"https:\/\/esmmont.net\/?s={search_term_string}"},"query-input":{"@type":"PropertyValueSpecification","valueRequired":true,"valueName":"search_term_string"}}],"inLanguage":"es"},{"@type":"Organization","@id":"https:\/\/esmmont.net\/#organization","name":"Estampaciones Met\u00e1licas Montblanc, SL","url":"https:\/\/esmmont.net\/","logo":{"@type":"ImageObject","inLanguage":"es","@id":"https:\/\/esmmont.net\/#\/schema\/logo\/image\/","url":"https:\/\/esmmont.net\/wp-content\/uploads\/2024\/05\/11699_logo_esmmont_1.svg","contentUrl":"https:\/\/esmmont.net\/wp-content\/uploads\/2024\/05\/11699_logo_esmmont_1.svg","caption":"Estampacions Met\u00e0l\u00b7liques Montblanc, SL"},"image":{"@id":"https:\/\/esmmont.net\/#\/schema\/logo\/image\/"}}]}},"_links":{"self":[{"href":"https:\/\/esmmont.net\/es\/wp-json\/wp\/v2\/pages\/2381","targetHints":{"allow":["GET"]}}],"collection":[{"href":"https:\/\/esmmont.net\/es\/wp-json\/wp\/v2\/pages"}],"about":[{"href":"https:\/\/esmmont.net\/es\/wp-json\/wp\/v2\/types\/page"}],"author":[{"embeddable":true,"href":"https:\/\/esmmont.net\/es\/wp-json\/wp\/v2\/users\/1"}],"replies":[{"embeddable":true,"href":"https:\/\/esmmont.net\/es\/wp-json\/wp\/v2\/comments?post=2381"}],"version-history":[{"count":83,"href":"https:\/\/esmmont.net\/es\/wp-json\/wp\/v2\/pages\/2381\/revisions"}],"predecessor-version":[{"id":6182,"href":"https:\/\/esmmont.net\/es\/wp-json\/wp\/v2\/pages\/2381\/revisions\/6182"}],"wp:attachment":[{"href":"https:\/\/esmmont.net\/es\/wp-json\/wp\/v2\/media?parent=2381"}],"curies":[{"name":"wp","href":"https:\/\/api.w.org\/{rel}","templated":true}]}}